{"id":162,"date":"2024-12-11T09:23:16","date_gmt":"2024-12-11T09:23:16","guid":{"rendered":"https:\/\/sweetcotton.pt\/?page_id=162"},"modified":"2025-12-04T16:15:10","modified_gmt":"2025-12-04T16:15:10","slug":"sobre-nos","status":"publish","type":"page","link":"https:\/\/sweetcotton.pt\/en\/sobre-nos\/","title":{"rendered":"About us"},"content":{"rendered":"<div data-elementor-type=\"wp-page\" data-elementor-id=\"162\" class=\"elementor elementor-162\" data-elementor-post-type=\"page\">\n\t\t\t\t<div class=\"elementor-element elementor-element-2be13de e-con-full e-flex e-con e-parent\" data-id=\"2be13de\" data-element_type=\"container\" data-e-type=\"container\" data-settings=\"{&quot;background_background&quot;:&quot;classic&quot;}\">\n\t\t<div class=\"elementor-element elementor-element-87ba4b2 e-con-full e-flex e-con e-child\" data-id=\"87ba4b2\" data-element_type=\"container\" data-e-type=\"container\" data-settings=\"{&quot;background_background&quot;:&quot;classic&quot;}\">\n\t\t\t\t<div class=\"elementor-element elementor-element-817a697 elementor-widget__width-inherit elementor-widget elementor-widget-heading\" data-id=\"817a697\" data-element_type=\"widget\" data-e-type=\"widget\" data-widget_type=\"heading.default\">\n\t\t\t\t<div class=\"elementor-widget-container\">\n\t\t\t\t\t<h2 class=\"elementor-heading-title elementor-size-default\">Creating Excellence Since 1989<\/h2>\t\t\t\t<\/div>\n\t\t\t\t<\/div>\n\t\t\t\t<div class=\"elementor-element elementor-element-8a1199b elementor-widget elementor-widget-heading\" data-id=\"8a1199b\" data-element_type=\"widget\" data-e-type=\"widget\" data-widget_type=\"heading.default\">\n\t\t\t\t<div class=\"elementor-widget-container\">\n\t\t\t\t\t<h2 class=\"elementor-heading-title elementor-size-default\">At Sweet Cotton, our journey began in 1989 as T\u00eaxteis Calv\u00e1rio, driven by a passion for producing high-quality, durable textiles. In 2011, we restructured our brand to Sweet Cotton, bringing together our heritage with a modern and innovative approach to textile production.<\/h2>\t\t\t\t<\/div>\n\t\t\t\t<\/div>\n\t\t\t\t<div class=\"elementor-element elementor-element-093f5f4 elementor-widget elementor-widget-button\" data-id=\"093f5f4\" data-element_type=\"widget\" data-e-type=\"widget\" data-widget_type=\"button.default\">\n\t\t\t\t<div class=\"elementor-widget-container\">\n\t\t\t\t\t\t\t\t\t<div class=\"elementor-button-wrapper\">\n\t\t\t\t\t<a class=\"elementor-button elementor-button-link elementor-size-sm\" href=\"https:\/\/sweetcotton.pt\/en\/contacto\/\">\n\t\t\t\t\t\t<span class=\"elementor-button-content-wrapper\">\n\t\t\t\t\t\t\t\t\t<span class=\"elementor-button-text\">Contact<\/span>\n\t\t\t\t\t<\/span>\n\t\t\t\t\t<\/a>\n\t\t\t\t<\/div>\n\t\t\t\t\t\t\t\t<\/div>\n\t\t\t\t<\/div>\n\t\t\t\t<\/div>\n\t\t\t\t<\/div>\n\t\t<div class=\"elementor-element elementor-element-2c749ad e-con-full e-flex e-con e-parent\" data-id=\"2c749ad\" data-element_type=\"container\" data-e-type=\"container\">\n\t\t<div class=\"elementor-element elementor-element-88d8dae e-con-full animated-slow e-flex elementor-invisible e-con e-child\" data-id=\"88d8dae\" data-element_type=\"container\" data-e-type=\"container\" data-settings=\"{&quot;background_background&quot;:&quot;classic&quot;,&quot;animation&quot;:&quot;fadeInLeft&quot;,&quot;animation_delay&quot;:500}\">\n\t\t\t\t<\/div>\n\t\t<div class=\"elementor-element elementor-element-c4ec1a8 e-con-full e-flex e-con e-child\" data-id=\"c4ec1a8\" data-element_type=\"container\" data-e-type=\"container\">\n\t\t\t\t<div class=\"elementor-element elementor-element-c15feac elementor-invisible elementor-widget elementor-widget-heading\" data-id=\"c15feac\" data-element_type=\"widget\" data-e-type=\"widget\" data-settings=\"{&quot;_animation&quot;:&quot;fadeInUp&quot;,&quot;_animation_delay&quot;:400}\" data-widget_type=\"heading.default\">\n\t\t\t\t<div class=\"elementor-widget-container\">\n\t\t\t\t\t<p class=\"elementor-heading-title elementor-size-default\">We specialize in the manufacturing of jacquard fabrics and terry products, using only the finest raw materials and finishes. Whether you\u2019re looking for timeless classics or bespoke items, our team of experts works with you to create textiles that elevate the comfort and style of your home.<\/p>\t\t\t\t<\/div>\n\t\t\t\t<\/div>\n\t\t\t\t<\/div>\n\t\t\t\t<\/div>\n\t\t<div class=\"elementor-element elementor-element-175dfa0 e-con-full e-flex e-con e-parent\" data-id=\"175dfa0\" data-element_type=\"container\" data-e-type=\"container\">\n\t\t<div class=\"elementor-element elementor-element-195beac e-con-full e-flex e-con e-child\" data-id=\"195beac\" data-element_type=\"container\" data-e-type=\"container\">\n\t\t\t\t<div class=\"elementor-element elementor-element-daa254c elementor-invisible elementor-widget elementor-widget-heading\" data-id=\"daa254c\" data-element_type=\"widget\" data-e-type=\"widget\" data-settings=\"{&quot;_animation&quot;:&quot;fadeInUp&quot;,&quot;_animation_delay&quot;:400}\" data-widget_type=\"heading.default\">\n\t\t\t\t<div class=\"elementor-widget-container\">\n\t\t\t\t\t<p class=\"elementor-heading-title elementor-size-default\">With a strong focus on quality and innovation, we take pride in serving clients from diverse backgrounds, offering exceptional fabrics that meet the highest standards. At Sweet Cotton, our mission is simple: to provide the best textiles for your home, crafted with care and made to last.<\/p>\t\t\t\t<\/div>\n\t\t\t\t<\/div>\n\t\t\t\t<\/div>\n\t\t<div class=\"elementor-element elementor-element-db7901c e-con-full animated-slow e-flex elementor-invisible e-con e-child\" data-id=\"db7901c\" data-element_type=\"container\" data-e-type=\"container\" data-settings=\"{&quot;background_background&quot;:&quot;classic&quot;,&quot;animation&quot;:&quot;fadeInRight&quot;,&quot;animation_delay&quot;:500}\">\n\t\t\t\t<\/div>\n\t\t\t\t<\/div>\n\t\t<div class=\"elementor-element elementor-element-2bbe6ac e-con-full e-flex e-con e-parent\" data-id=\"2bbe6ac\" data-element_type=\"container\" data-e-type=\"container\" data-settings=\"{&quot;background_background&quot;:&quot;classic&quot;}\">\n\t\t\t\t<div class=\"elementor-element elementor-element-7d76e5a elementor-widget__width-inherit elementor-widget elementor-widget-heading\" data-id=\"7d76e5a\" data-element_type=\"widget\" data-e-type=\"widget\" data-widget_type=\"heading.default\">\n\t\t\t\t<div class=\"elementor-widget-container\">\n\t\t\t\t\t<h2 class=\"elementor-heading-title elementor-size-default\">Gallery<\/h2>\t\t\t\t<\/div>\n\t\t\t\t<\/div>\n\t\t\t\t<\/div>\n\t\t<div class=\"elementor-element elementor-element-1278a7b e-grid e-con-boxed e-con e-parent\" data-id=\"1278a7b\" data-element_type=\"container\" data-e-type=\"container\">\n\t\t\t\t\t<div class=\"e-con-inner\">\n\t\t<div class=\"elementor-element elementor-element-f286b73 e-con-full e-flex e-con e-child\" data-id=\"f286b73\" data-element_type=\"container\" data-e-type=\"container\" data-settings=\"{&quot;background_background&quot;:&quot;classic&quot;}\">\n\t\t\t\t<\/div>\n\t\t<div class=\"elementor-element elementor-element-9a6e80f e-con-full e-flex e-con e-child\" data-id=\"9a6e80f\" data-element_type=\"container\" data-e-type=\"container\" data-settings=\"{&quot;background_background&quot;:&quot;classic&quot;}\">\n\t\t\t\t<\/div>\n\t\t<div class=\"elementor-element elementor-element-8bbcc32 e-con-full e-flex e-con e-child\" data-id=\"8bbcc32\" data-element_type=\"container\" data-e-type=\"container\" data-settings=\"{&quot;background_background&quot;:&quot;classic&quot;}\">\n\t\t<div class=\"elementor-element elementor-element-6948328 e-con-full e-flex e-con e-child\" data-id=\"6948328\" data-element_type=\"container\" data-e-type=\"container\" data-settings=\"{&quot;background_background&quot;:&quot;classic&quot;}\">\n\t\t\t\t<\/div>\n\t\t\t\t<\/div>\n\t\t<div class=\"elementor-element elementor-element-62d86b9 e-con-full e-flex e-con e-child\" data-id=\"62d86b9\" data-element_type=\"container\" data-e-type=\"container\" data-settings=\"{&quot;background_background&quot;:&quot;classic&quot;}\">\n\t\t\t\t<\/div>\n\t\t<div class=\"elementor-element elementor-element-b1c9497 e-con-full e-flex e-con e-child\" data-id=\"b1c9497\" data-element_type=\"container\" data-e-type=\"container\" data-settings=\"{&quot;background_background&quot;:&quot;classic&quot;}\">\n\t\t\t\t<\/div>\n\t\t<div class=\"elementor-element elementor-element-8289af7 e-con-full e-flex e-con e-child\" data-id=\"8289af7\" data-element_type=\"container\" data-e-type=\"container\" data-settings=\"{&quot;background_background&quot;:&quot;classic&quot;}\">\n\t\t\t\t<\/div>\n\t\t\t\t\t<\/div>\n\t\t\t\t<\/div>\n\t\t\t\t<\/div>","protected":false},"excerpt":{"rendered":"<p>A Criar Excel\u00eancia Desde 1989 Na Sweet Cotton, a nossa jornada come\u00e7ou em 1989 como T\u00eaxteis Calv\u00e1rio, movidos pela paix\u00e3o por criar t\u00eaxteis de alta qualidade e durabilidade. Em 2011, reestrutur\u00e1mos a nossa marca para Sweet Cotton, unindo a nossa heran\u00e7a a uma abordagem moderna e inovadora na produ\u00e7\u00e3o t\u00eaxtil. Contacto Somos especializados no fabrico&#8230;<\/p>","protected":false},"author":1,"featured_media":638,"parent":0,"menu_order":0,"comment_status":"closed","ping_status":"closed","template":"","meta":{"_kad_post_transparent":"","_kad_post_title":"","_kad_post_layout":"","_kad_post_sidebar_id":"","_kad_post_content_style":"","_kad_post_vertical_padding":"","_kad_post_feature":"","_kad_post_feature_position":"","_kad_post_header":false,"_kad_post_footer":false,"_kad_post_classname":"","footnotes":""},"class_list":["post-162","page","type-page","status-publish","has-post-thumbnail","hentry"],"yoast_head":"<!-- This site is optimized with the Yoast SEO plugin v27.4 - https:\/\/yoast.com\/product\/yoast-seo-wordpress\/ -->\n<title>Sobre n\u00f3s - SweetCotton<\/title>\n<meta name=\"description\" content=\"Na Sweet Cotton, dedicamo-nos \u00e0 arte de criar t\u00eaxteis de excel\u00eancia desde 1989. Com uma longa tradi\u00e7\u00e3o no fabrico de tecidos jacquard e ...\" \/>\n<meta name=\"robots\" content=\"index, follow, max-snippet:-1, max-image-preview:large, max-video-preview:-1\" \/>\n<link rel=\"canonical\" href=\"https:\/\/sweetcotton.pt\/en\/sobre-nos\/\" \/>\n<meta property=\"og:locale\" content=\"en_GB\" \/>\n<meta property=\"og:type\" content=\"article\" \/>\n<meta property=\"og:title\" content=\"Sobre n\u00f3s - SweetCotton\" \/>\n<meta property=\"og:description\" content=\"Na Sweet Cotton, dedicamo-nos \u00e0 arte de criar t\u00eaxteis de excel\u00eancia desde 1989. Com uma longa tradi\u00e7\u00e3o no fabrico de tecidos jacquard e ...\" \/>\n<meta property=\"og:url\" content=\"https:\/\/sweetcotton.pt\/en\/sobre-nos\/\" \/>\n<meta property=\"og:site_name\" content=\"SweetCotton\" \/>\n<meta property=\"article:modified_time\" content=\"2025-12-04T16:15:10+00:00\" \/>\n<meta property=\"og:image\" content=\"https:\/\/sweetcotton.pt\/wp-content\/uploads\/2025\/01\/cama.webp\" \/>\n\t<meta property=\"og:image:width\" content=\"1200\" \/>\n\t<meta property=\"og:image:height\" content=\"800\" \/>\n\t<meta property=\"og:image:type\" content=\"image\/webp\" \/>\n<meta name=\"twitter:card\" content=\"summary_large_image\" \/>\n<meta name=\"twitter:label1\" content=\"Estimated reading time\" \/>\n\t<meta name=\"twitter:data1\" content=\"1 minute\" \/>\n<script type=\"application\/ld+json\" class=\"yoast-schema-graph\">{\"@context\":\"https:\\\/\\\/schema.org\",\"@graph\":[{\"@type\":\"WebPage\",\"@id\":\"https:\\\/\\\/sweetcotton.pt\\\/sobre-nos\\\/\",\"url\":\"https:\\\/\\\/sweetcotton.pt\\\/sobre-nos\\\/\",\"name\":\"Sobre n\u00f3s - SweetCotton\",\"isPartOf\":{\"@id\":\"https:\\\/\\\/sweetcotton.pt\\\/#website\"},\"primaryImageOfPage\":{\"@id\":\"https:\\\/\\\/sweetcotton.pt\\\/sobre-nos\\\/#primaryimage\"},\"image\":{\"@id\":\"https:\\\/\\\/sweetcotton.pt\\\/sobre-nos\\\/#primaryimage\"},\"thumbnailUrl\":\"https:\\\/\\\/sweetcotton.pt\\\/wp-content\\\/uploads\\\/2025\\\/01\\\/cama.webp\",\"datePublished\":\"2024-12-11T09:23:16+00:00\",\"dateModified\":\"2025-12-04T16:15:10+00:00\",\"description\":\"Na Sweet Cotton, dedicamo-nos \u00e0 arte de criar t\u00eaxteis de excel\u00eancia desde 1989. Com uma longa tradi\u00e7\u00e3o no fabrico de tecidos jacquard e ...\",\"breadcrumb\":{\"@id\":\"https:\\\/\\\/sweetcotton.pt\\\/sobre-nos\\\/#breadcrumb\"},\"inLanguage\":\"en-GB\",\"potentialAction\":[{\"@type\":\"ReadAction\",\"target\":[\"https:\\\/\\\/sweetcotton.pt\\\/sobre-nos\\\/\"]}]},{\"@type\":\"ImageObject\",\"inLanguage\":\"en-GB\",\"@id\":\"https:\\\/\\\/sweetcotton.pt\\\/sobre-nos\\\/#primaryimage\",\"url\":\"https:\\\/\\\/sweetcotton.pt\\\/wp-content\\\/uploads\\\/2025\\\/01\\\/cama.webp\",\"contentUrl\":\"https:\\\/\\\/sweetcotton.pt\\\/wp-content\\\/uploads\\\/2025\\\/01\\\/cama.webp\",\"width\":1200,\"height\":800},{\"@type\":\"BreadcrumbList\",\"@id\":\"https:\\\/\\\/sweetcotton.pt\\\/sobre-nos\\\/#breadcrumb\",\"itemListElement\":[{\"@type\":\"ListItem\",\"position\":1,\"name\":\"Home\",\"item\":\"https:\\\/\\\/sweetcotton.pt\\\/\"},{\"@type\":\"ListItem\",\"position\":2,\"name\":\"Sobre n\u00f3s\"}]},{\"@type\":\"WebSite\",\"@id\":\"https:\\\/\\\/sweetcotton.pt\\\/#website\",\"url\":\"https:\\\/\\\/sweetcotton.pt\\\/\",\"name\":\"SweetCotton\",\"description\":\"\",\"publisher\":{\"@id\":\"https:\\\/\\\/sweetcotton.pt\\\/#organization\"},\"potentialAction\":[{\"@type\":\"SearchAction\",\"target\":{\"@type\":\"EntryPoint\",\"urlTemplate\":\"https:\\\/\\\/sweetcotton.pt\\\/?s={search_term_string}\"},\"query-input\":{\"@type\":\"PropertyValueSpecification\",\"valueRequired\":true,\"valueName\":\"search_term_string\"}}],\"inLanguage\":\"en-GB\"},{\"@type\":\"Organization\",\"@id\":\"https:\\\/\\\/sweetcotton.pt\\\/#organization\",\"name\":\"SweetCotton\",\"url\":\"https:\\\/\\\/sweetcotton.pt\\\/\",\"logo\":{\"@type\":\"ImageObject\",\"inLanguage\":\"en-GB\",\"@id\":\"https:\\\/\\\/sweetcotton.pt\\\/#\\\/schema\\\/logo\\\/image\\\/\",\"url\":\"https:\\\/\\\/sweetcotton.pt\\\/wp-content\\\/uploads\\\/2024\\\/12\\\/cropped-sweet-cotton-logosite.png\",\"contentUrl\":\"https:\\\/\\\/sweetcotton.pt\\\/wp-content\\\/uploads\\\/2024\\\/12\\\/cropped-sweet-cotton-logosite.png\",\"width\":358,\"height\":83,\"caption\":\"SweetCotton\"},\"image\":{\"@id\":\"https:\\\/\\\/sweetcotton.pt\\\/#\\\/schema\\\/logo\\\/image\\\/\"}}]}<\/script>\n<!-- \/ Yoast SEO plugin. -->","yoast_head_json":{"title":"Sobre n\u00f3s - SweetCotton","description":"Na Sweet Cotton, dedicamo-nos \u00e0 arte de criar t\u00eaxteis de excel\u00eancia desde 1989. Com uma longa tradi\u00e7\u00e3o no fabrico de tecidos jacquard e ...","robots":{"index":"index","follow":"follow","max-snippet":"max-snippet:-1","max-image-preview":"max-image-preview:large","max-video-preview":"max-video-preview:-1"},"canonical":"https:\/\/sweetcotton.pt\/en\/sobre-nos\/","og_locale":"en_GB","og_type":"article","og_title":"Sobre n\u00f3s - SweetCotton","og_description":"Na Sweet Cotton, dedicamo-nos \u00e0 arte de criar t\u00eaxteis de excel\u00eancia desde 1989. Com uma longa tradi\u00e7\u00e3o no fabrico de tecidos jacquard e ...","og_url":"https:\/\/sweetcotton.pt\/en\/sobre-nos\/","og_site_name":"SweetCotton","article_modified_time":"2025-12-04T16:15:10+00:00","og_image":[{"width":1200,"height":800,"url":"https:\/\/sweetcotton.pt\/wp-content\/uploads\/2025\/01\/cama.webp","type":"image\/webp"}],"twitter_card":"summary_large_image","twitter_misc":{"Estimated reading time":"1 minute"},"schema":{"@context":"https:\/\/schema.org","@graph":[{"@type":"WebPage","@id":"https:\/\/sweetcotton.pt\/sobre-nos\/","url":"https:\/\/sweetcotton.pt\/sobre-nos\/","name":"Sobre n\u00f3s - SweetCotton","isPartOf":{"@id":"https:\/\/sweetcotton.pt\/#website"},"primaryImageOfPage":{"@id":"https:\/\/sweetcotton.pt\/sobre-nos\/#primaryimage"},"image":{"@id":"https:\/\/sweetcotton.pt\/sobre-nos\/#primaryimage"},"thumbnailUrl":"https:\/\/sweetcotton.pt\/wp-content\/uploads\/2025\/01\/cama.webp","datePublished":"2024-12-11T09:23:16+00:00","dateModified":"2025-12-04T16:15:10+00:00","description":"Na Sweet Cotton, dedicamo-nos \u00e0 arte de criar t\u00eaxteis de excel\u00eancia desde 1989. Com uma longa tradi\u00e7\u00e3o no fabrico de tecidos jacquard e ...","breadcrumb":{"@id":"https:\/\/sweetcotton.pt\/sobre-nos\/#breadcrumb"},"inLanguage":"en-GB","potentialAction":[{"@type":"ReadAction","target":["https:\/\/sweetcotton.pt\/sobre-nos\/"]}]},{"@type":"ImageObject","inLanguage":"en-GB","@id":"https:\/\/sweetcotton.pt\/sobre-nos\/#primaryimage","url":"https:\/\/sweetcotton.pt\/wp-content\/uploads\/2025\/01\/cama.webp","contentUrl":"https:\/\/sweetcotton.pt\/wp-content\/uploads\/2025\/01\/cama.webp","width":1200,"height":800},{"@type":"BreadcrumbList","@id":"https:\/\/sweetcotton.pt\/sobre-nos\/#breadcrumb","itemListElement":[{"@type":"ListItem","position":1,"name":"Home","item":"https:\/\/sweetcotton.pt\/"},{"@type":"ListItem","position":2,"name":"Sobre n\u00f3s"}]},{"@type":"WebSite","@id":"https:\/\/sweetcotton.pt\/#website","url":"https:\/\/sweetcotton.pt\/","name":"SweetCotton","description":"","publisher":{"@id":"https:\/\/sweetcotton.pt\/#organization"},"potentialAction":[{"@type":"SearchAction","target":{"@type":"EntryPoint","urlTemplate":"https:\/\/sweetcotton.pt\/?s={search_term_string}"},"query-input":{"@type":"PropertyValueSpecification","valueRequired":true,"valueName":"search_term_string"}}],"inLanguage":"en-GB"},{"@type":"Organization","@id":"https:\/\/sweetcotton.pt\/#organization","name":"SweetCotton","url":"https:\/\/sweetcotton.pt\/","logo":{"@type":"ImageObject","inLanguage":"en-GB","@id":"https:\/\/sweetcotton.pt\/#\/schema\/logo\/image\/","url":"https:\/\/sweetcotton.pt\/wp-content\/uploads\/2024\/12\/cropped-sweet-cotton-logosite.png","contentUrl":"https:\/\/sweetcotton.pt\/wp-content\/uploads\/2024\/12\/cropped-sweet-cotton-logosite.png","width":358,"height":83,"caption":"SweetCotton"},"image":{"@id":"https:\/\/sweetcotton.pt\/#\/schema\/logo\/image\/"}}]}},"_links":{"self":[{"href":"https:\/\/sweetcotton.pt\/en\/wp-json\/wp\/v2\/pages\/162","targetHints":{"allow":["GET"]}}],"collection":[{"href":"https:\/\/sweetcotton.pt\/en\/wp-json\/wp\/v2\/pages"}],"about":[{"href":"https:\/\/sweetcotton.pt\/en\/wp-json\/wp\/v2\/types\/page"}],"author":[{"embeddable":true,"href":"https:\/\/sweetcotton.pt\/en\/wp-json\/wp\/v2\/users\/1"}],"replies":[{"embeddable":true,"href":"https:\/\/sweetcotton.pt\/en\/wp-json\/wp\/v2\/comments?post=162"}],"version-history":[{"count":11,"href":"https:\/\/sweetcotton.pt\/en\/wp-json\/wp\/v2\/pages\/162\/revisions"}],"predecessor-version":[{"id":976,"href":"https:\/\/sweetcotton.pt\/en\/wp-json\/wp\/v2\/pages\/162\/revisions\/976"}],"wp:featuredmedia":[{"embeddable":true,"href":"https:\/\/sweetcotton.pt\/en\/wp-json\/wp\/v2\/media\/638"}],"wp:attachment":[{"href":"https:\/\/sweetcotton.pt\/en\/wp-json\/wp\/v2\/media?parent=162"}],"curies":[{"name":"wp","href":"https:\/\/api.w.org\/{rel}","templated":true}]}}