{"id":54,"date":"2024-12-09T11:46:51","date_gmt":"2024-12-09T11:46:51","guid":{"rendered":"https:\/\/sweetcotton.pt\/?page_id=54"},"modified":"2025-11-04T14:39:14","modified_gmt":"2025-11-04T14:39:14","slug":"contacto","status":"publish","type":"page","link":"https:\/\/sweetcotton.pt\/en\/contacto\/","title":{"rendered":"Contact"},"content":{"rendered":"\t\t<div data-elementor-type=\"wp-page\" data-elementor-id=\"54\" class=\"elementor elementor-54\" data-elementor-post-type=\"page\">\n\t\t\t\t<div class=\"elementor-element elementor-element-23c5a90 e-con-full e-flex e-con e-parent\" data-id=\"23c5a90\" data-element_type=\"container\" data-e-type=\"container\" data-settings=\"{&quot;background_background&quot;:&quot;classic&quot;}\">\n\t\t<div class=\"elementor-element elementor-element-06ce46c e-con-full e-flex e-con e-child\" data-id=\"06ce46c\" data-element_type=\"container\" data-e-type=\"container\" data-settings=\"{&quot;background_background&quot;:&quot;classic&quot;}\">\n\t\t\t\t<\/div>\n\t\t<div class=\"elementor-element elementor-element-8e78d70 e-con-full e-flex e-con e-child\" data-id=\"8e78d70\" data-element_type=\"container\" data-e-type=\"container\">\n\t\t\t\t<div class=\"elementor-element elementor-element-2c18d04 elementor-widget__width-inherit elementor-widget elementor-widget-heading\" data-id=\"2c18d04\" data-element_type=\"widget\" data-e-type=\"widget\" data-settings=\"{&quot;_animation_mobile&quot;:&quot;fadeIn&quot;}\" data-widget_type=\"heading.default\">\n\t\t\t\t<div class=\"elementor-widget-container\">\n\t\t\t\t\t<h2 class=\"elementor-heading-title elementor-size-default\">Entre em Contacto!<\/h2>\t\t\t\t<\/div>\n\t\t\t\t<\/div>\n\t\t\t\t<div class=\"elementor-element elementor-element-aef4aff elementor-invisible elementor-widget elementor-widget-heading\" data-id=\"aef4aff\" data-element_type=\"widget\" data-e-type=\"widget\" data-settings=\"{&quot;_animation&quot;:&quot;fadeInUp&quot;,&quot;_animation_mobile&quot;:&quot;fadeIn&quot;,&quot;_animation_delay&quot;:400}\" data-widget_type=\"heading.default\">\n\t\t\t\t<div class=\"elementor-widget-container\">\n\t\t\t\t\t<p class=\"elementor-heading-title elementor-size-default\">Entre em contacto connosco para obter detalhes sobre os produtos, encomendas personalizadas ou quaisquer quest\u00f5es que possa ter.<\/p>\t\t\t\t<\/div>\n\t\t\t\t<\/div>\n\t\t\t\t<\/div>\n\t\t\t\t<\/div>\n\t\t<div class=\"elementor-element elementor-element-e42e724 e-con-full e-flex e-con e-parent\" data-id=\"e42e724\" data-element_type=\"container\" data-e-type=\"container\" data-settings=\"{&quot;background_background&quot;:&quot;classic&quot;}\">\n\t\t<div class=\"elementor-element elementor-element-83a7a15 e-con-full e-flex e-con e-child\" data-id=\"83a7a15\" data-element_type=\"container\" data-e-type=\"container\">\n\t\t\t\t<div class=\"elementor-element elementor-element-e5c8df7 elementor-widget elementor-widget-icon-box\" data-id=\"e5c8df7\" data-element_type=\"widget\" data-e-type=\"widget\" data-widget_type=\"icon-box.default\">\n\t\t\t\t<div class=\"elementor-widget-container\">\n\t\t\t\t\t\t\t<div class=\"elementor-icon-box-wrapper\">\n\n\t\t\t\n\t\t\t\t\t\t<div class=\"elementor-icon-box-content\">\n\n\t\t\t\t\t\t\t\t\t<h3 class=\"elementor-icon-box-title\">\n\t\t\t\t\t\t<span  >\n\t\t\t\t\t\t\tE-mail\t\t\t\t\t\t<\/span>\n\t\t\t\t\t<\/h3>\n\t\t\t\t\n\t\t\t\t\t\t\t\t\t<p class=\"elementor-icon-box-description\">\n\t\t\t\t\t\tgeral@sweetcotton.pt\t\t\t\t\t<\/p>\n\t\t\t\t\n\t\t\t<\/div>\n\t\t\t\n\t\t<\/div>\n\t\t\t\t\t\t<\/div>\n\t\t\t\t<\/div>\n\t\t\t\t<div class=\"elementor-element elementor-element-feceab8 elementor-widget elementor-widget-icon-box\" data-id=\"feceab8\" data-element_type=\"widget\" data-e-type=\"widget\" data-widget_type=\"icon-box.default\">\n\t\t\t\t<div class=\"elementor-widget-container\">\n\t\t\t\t\t\t\t<div class=\"elementor-icon-box-wrapper\">\n\n\t\t\t\n\t\t\t\t\t\t<div class=\"elementor-icon-box-content\">\n\n\t\t\t\t\t\t\t\t\t<h3 class=\"elementor-icon-box-title\">\n\t\t\t\t\t\t<span  >\n\t\t\t\t\t\t\tTelefone\t\t\t\t\t\t<\/span>\n\t\t\t\t\t<\/h3>\n\t\t\t\t\n\t\t\t\t\t\t\t\t\t<p class=\"elementor-icon-box-description\">\n\t\t\t\t\t\tTEL: +351 253 533 915\t\t\t\t\t<\/p>\n\t\t\t\t\n\t\t\t<\/div>\n\t\t\t\n\t\t<\/div>\n\t\t\t\t\t\t<\/div>\n\t\t\t\t<\/div>\n\t\t\t\t<div class=\"elementor-element elementor-element-fd294d3 elementor-widget elementor-widget-icon-box\" data-id=\"fd294d3\" data-element_type=\"widget\" data-e-type=\"widget\" data-widget_type=\"icon-box.default\">\n\t\t\t\t<div class=\"elementor-widget-container\">\n\t\t\t\t\t\t\t<div class=\"elementor-icon-box-wrapper\">\n\n\t\t\t\n\t\t\t\t\t\t<div class=\"elementor-icon-box-content\">\n\n\t\t\t\t\t\t\t\t\t<h3 class=\"elementor-icon-box-title\">\n\t\t\t\t\t\t<span  >\n\t\t\t\t\t\t\tMorada\t\t\t\t\t\t<\/span>\n\t\t\t\t\t<\/h3>\n\t\t\t\t\n\t\t\t\t\t\t\t\t\t<p class=\"elementor-icon-box-description\">\n\t\t\t\t\t\tSweet Cotton Unipessoal LDA; Av. Soc. Musical de Pevid\u00e9m;  Lote 11; <br>Selho S. Jorge; 4835-297 Guimar\u00e3es; Portugal\t\t\t\t\t<\/p>\n\t\t\t\t\n\t\t\t<\/div>\n\t\t\t\n\t\t<\/div>\n\t\t\t\t\t\t<\/div>\n\t\t\t\t<\/div>\n\t\t\t\t<\/div>\n\t\t<div class=\"elementor-element elementor-element-5d8251b e-con-full e-flex e-con e-child\" data-id=\"5d8251b\" data-element_type=\"container\" data-e-type=\"container\">\n\t\t\t\t<div class=\"elementor-element elementor-element-69258fc elementor-widget__width-initial elementor-widget elementor-widget-google_maps\" data-id=\"69258fc\" data-element_type=\"widget\" data-e-type=\"widget\" data-widget_type=\"google_maps.default\">\n\t\t\t\t<div class=\"elementor-widget-container\">\n\t\t\t\t\t\t\t<div class=\"elementor-custom-embed\">\n\t\t\t<iframe loading=\"lazy\"\n\t\t\t\t\tsrc=\"https:\/\/maps.google.com\/maps?q=Av.%20Soc.%20Musical%20de%20Pevid%C3%A9m%20Lote%2011%20Selho%20S.%20Jorge%204835-297%20Guimar%C3%A3es%20Portugal&#038;t=m&#038;z=13&#038;output=embed&#038;iwloc=near\"\n\t\t\t\t\ttitle=\"Av. Soc. Musical de Pevid\u00e9m Lote 11 Selho S. Jorge 4835-297 Guimar\u00e3es Portugal\"\n\t\t\t\t\taria-label=\"Av. Soc. Musical de Pevid\u00e9m Lote 11 Selho S. Jorge 4835-297 Guimar\u00e3es Portugal\"\n\t\t\t><\/iframe>\n\t\t<\/div>\n\t\t\t\t\t\t<\/div>\n\t\t\t\t<\/div>\n\t\t\t\t<\/div>\n\t\t\t\t<\/div>\n\t\t<div class=\"elementor-element elementor-element-10e7c8b e-con-full e-flex e-con e-parent\" data-id=\"10e7c8b\" data-element_type=\"container\" data-e-type=\"container\" data-settings=\"{&quot;background_background&quot;:&quot;classic&quot;}\">\n\t\t<div class=\"elementor-element elementor-element-9a01902 e-con-full e-flex e-con e-child\" data-id=\"9a01902\" data-element_type=\"container\" data-e-type=\"container\">\n\t\t\t\t<div class=\"elementor-element elementor-element-b14455e elementor-widget__width-inherit elementor-widget elementor-widget-heading\" data-id=\"b14455e\" data-element_type=\"widget\" data-e-type=\"widget\" data-widget_type=\"heading.default\">\n\t\t\t\t<div class=\"elementor-widget-container\">\n\t\t\t\t\t<h2 class=\"elementor-heading-title elementor-size-default\">Escreva-nos<\/h2>\t\t\t\t<\/div>\n\t\t\t\t<\/div>\n\t\t\t\t<div class=\"elementor-element elementor-element-fff91f4 elementor-widget__width-initial elementor-button-align-stretch elementor-widget elementor-widget-form\" data-id=\"fff91f4\" data-element_type=\"widget\" data-e-type=\"widget\" data-settings=\"{&quot;step_next_label&quot;:&quot;Next&quot;,&quot;step_previous_label&quot;:&quot;Previous&quot;,&quot;button_width&quot;:&quot;100&quot;,&quot;step_type&quot;:&quot;number_text&quot;,&quot;step_icon_shape&quot;:&quot;circle&quot;}\" data-widget_type=\"form.default\">\n\t\t\t\t<div class=\"elementor-widget-container\">\n\t\t\t\t\t\t\t<form class=\"elementor-form\" method=\"post\" name=\"New Form\" aria-label=\"New Form\">\n\t\t\t<input type=\"hidden\" name=\"post_id\" value=\"54\"\/>\n\t\t\t<input type=\"hidden\" name=\"form_id\" value=\"fff91f4\"\/>\n\t\t\t<input type=\"hidden\" name=\"referer_title\" value=\"SweetCotton\" \/>\n\n\t\t\t\n\t\t\t<div class=\"elementor-form-fields-wrapper elementor-labels-above\">\n\t\t\t\t\t\t\t\t<div class=\"elementor-field-type-text elementor-field-group elementor-column elementor-field-group-nome elementor-col-50 elementor-field-required elementor-mark-required\">\n\t\t\t\t\t\t\t\t\t\t\t\t<label for=\"form-field-nome\" class=\"elementor-field-label\">\n\t\t\t\t\t\t\t\tNome\t\t\t\t\t\t\t<\/label>\n\t\t\t\t\t\t\t\t\t\t\t\t\t\t<input size=\"1\" type=\"text\" name=\"form_fields[nome]\" id=\"form-field-nome\" class=\"elementor-field elementor-size-sm  elementor-field-textual\" placeholder=\"Nome\" required=\"required\">\n\t\t\t\t\t\t\t\t\t\t\t<\/div>\n\t\t\t\t\t\t\t\t<div class=\"elementor-field-type-number elementor-field-group elementor-column elementor-field-group-telefone elementor-col-50 elementor-field-required elementor-mark-required\">\n\t\t\t\t\t\t\t\t\t\t\t\t<label for=\"form-field-telefone\" class=\"elementor-field-label\">\n\t\t\t\t\t\t\t\tTelefone\t\t\t\t\t\t\t<\/label>\n\t\t\t\t\t\t\t\t\t<input type=\"number\" name=\"form_fields[telefone]\" id=\"form-field-telefone\" class=\"elementor-field elementor-size-sm  elementor-field-textual\" placeholder=\"Telefone\" required=\"required\" min=\"\" max=\"\" >\n\t\t\t\t\t\t<\/div>\n\t\t\t\t\t\t\t\t<div class=\"elementor-field-type-email elementor-field-group elementor-column elementor-field-group-email elementor-col-100 elementor-field-required elementor-mark-required\">\n\t\t\t\t\t\t\t\t\t\t\t\t<label for=\"form-field-email\" class=\"elementor-field-label\">\n\t\t\t\t\t\t\t\tEmail\t\t\t\t\t\t\t<\/label>\n\t\t\t\t\t\t\t\t\t\t\t\t\t\t<input size=\"1\" type=\"email\" name=\"form_fields[email]\" id=\"form-field-email\" class=\"elementor-field elementor-size-sm  elementor-field-textual\" placeholder=\"Email\" required=\"required\">\n\t\t\t\t\t\t\t\t\t\t\t<\/div>\n\t\t\t\t\t\t\t\t<div class=\"elementor-field-type-textarea elementor-field-group elementor-column elementor-field-group-mensagem elementor-col-100 elementor-field-required elementor-mark-required\">\n\t\t\t\t\t\t\t\t\t\t\t\t<label for=\"form-field-mensagem\" class=\"elementor-field-label\">\n\t\t\t\t\t\t\t\tMensagem\t\t\t\t\t\t\t<\/label>\n\t\t\t\t\t\t<textarea class=\"elementor-field-textual elementor-field  elementor-size-sm\" name=\"form_fields[mensagem]\" id=\"form-field-mensagem\" rows=\"4\" placeholder=\"Descreva o que procura\" required=\"required\"><\/textarea>\t\t\t\t<\/div>\n\t\t\t\t\t\t\t\t<div class=\"elementor-field-type-recaptcha_v3 elementor-field-group elementor-column elementor-field-group-field_786880e elementor-col-100 recaptcha_v3-bottomright\">\n\t\t\t\t\t<div class=\"elementor-field\" id=\"form-field-field_786880e\"><div class=\"elementor-g-recaptcha\" data-sitekey=\"6LckP50qAAAAAItuE2DXM3x9M3LRiAS_fKmJpQ0b\" data-type=\"v3\" data-action=\"Form\" data-badge=\"bottomright\" data-size=\"invisible\"><\/div><\/div>\t\t\t\t<\/div>\n\t\t\t\t\t\t\t\t<div class=\"elementor-field-type-acceptance elementor-field-group elementor-column elementor-field-group-field_e9a9f7d elementor-col-100\">\n\t\t\t\t\t\t\t<div class=\"elementor-field-subgroup\">\n\t\t\t<span class=\"elementor-field-option\">\n\t\t\t\t<input type=\"checkbox\" name=\"form_fields[field_e9a9f7d]\" id=\"form-field-field_e9a9f7d\" class=\"elementor-field elementor-size-sm  elementor-acceptance-field\">\n\t\t\t\t<label for=\"form-field-field_e9a9f7d\">Ao enviar este pedido concorda com a nossa<a href=\"https:\/\/sweetcotton.pt\/politica-de-privacidade\"> pol\u00edtica de privacidade\u00a0<\/a><\/label>\t\t\t<\/span>\n\t\t<\/div>\n\t\t\t\t\t\t<\/div>\n\t\t\t\t\t\t\t\t<div class=\"elementor-field-group elementor-column elementor-field-type-submit elementor-col-100 e-form__buttons\">\n\t\t\t\t\t<button class=\"elementor-button elementor-size-sm elementor-animation-shrink\" type=\"submit\">\n\t\t\t\t\t\t<span class=\"elementor-button-content-wrapper\">\n\t\t\t\t\t\t\t\t\t\t\t\t\t\t\t\t\t\t\t\t\t\t<span class=\"elementor-button-text\">Enviar Mensagem<\/span>\n\t\t\t\t\t\t\t\t\t\t\t\t\t<\/span>\n\t\t\t\t\t<\/button>\n\t\t\t\t<\/div>\n\t\t\t<\/div>\n\t\t<\/form>\n\t\t\t\t\t\t<\/div>\n\t\t\t\t<\/div>\n\t\t\t\t<\/div>\n\t\t\t\t<\/div>\n\t\t\t\t<\/div>\n\t\t","protected":false},"excerpt":{"rendered":"<p>Entre em Contacto! Entre em contacto connosco para obter detalhes sobre os produtos, encomendas personalizadas ou quaisquer quest\u00f5es que possa ter. E-mail geral@sweetcotton.pt Telefone TEL: +351 253 533 915 Morada Sweet Cotton Unipessoal LDA; Av. Soc. Musical de Pevid\u00e9m; Lote 11; Selho S. Jorge; 4835-297 Guimar\u00e3es; Portugal Escreva-nos<\/p>","protected":false},"author":1,"featured_media":272,"parent":0,"menu_order":0,"comment_status":"closed","ping_status":"closed","template":"","meta":{"_kad_post_transparent":"","_kad_post_title":"","_kad_post_layout":"","_kad_post_sidebar_id":"","_kad_post_content_style":"","_kad_post_vertical_padding":"","_kad_post_feature":"","_kad_post_feature_position":"","_kad_post_header":false,"_kad_post_footer":false,"_kad_post_classname":"","footnotes":""},"class_list":["post-54","page","type-page","status-publish","has-post-thumbnail","hentry"],"yoast_head":"<!-- This site is optimized with the Yoast SEO plugin v27.4 - https:\/\/yoast.com\/product\/yoast-seo-wordpress\/ -->\n<title>Contacto - SweetCotton<\/title>\n<meta name=\"description\" content=\"Estamos aqui para ajudar! Entre em contacto connosco para esclarecer d\u00favidas, solicitar informa\u00e7\u00f5es ou partilhar as suas necessidades...\" \/>\n<meta name=\"robots\" content=\"index, follow, max-snippet:-1, max-image-preview:large, max-video-preview:-1\" \/>\n<link rel=\"canonical\" href=\"https:\/\/sweetcotton.pt\/en\/contacto\/\" \/>\n<meta property=\"og:locale\" content=\"en_GB\" \/>\n<meta property=\"og:type\" content=\"article\" \/>\n<meta property=\"og:title\" content=\"Contacto - SweetCotton\" \/>\n<meta property=\"og:description\" content=\"Estamos aqui para ajudar! Entre em contacto connosco para esclarecer d\u00favidas, solicitar informa\u00e7\u00f5es ou partilhar as suas necessidades...\" \/>\n<meta property=\"og:url\" content=\"https:\/\/sweetcotton.pt\/en\/contacto\/\" \/>\n<meta property=\"og:site_name\" content=\"SweetCotton\" \/>\n<meta property=\"article:modified_time\" content=\"2025-11-04T14:39:14+00:00\" \/>\n<meta property=\"og:image\" content=\"https:\/\/sweetcotton.pt\/wp-content\/uploads\/2024\/12\/326_20070726183953.jpg\" \/>\n\t<meta property=\"og:image:width\" content=\"300\" \/>\n\t<meta property=\"og:image:height\" content=\"330\" \/>\n\t<meta property=\"og:image:type\" content=\"image\/jpeg\" \/>\n<meta name=\"twitter:card\" content=\"summary_large_image\" \/>\n<meta name=\"twitter:label1\" content=\"Estimated reading time\" \/>\n\t<meta name=\"twitter:data1\" content=\"1 minute\" \/>\n<script type=\"application\/ld+json\" class=\"yoast-schema-graph\">{\"@context\":\"https:\\\/\\\/schema.org\",\"@graph\":[{\"@type\":\"WebPage\",\"@id\":\"https:\\\/\\\/sweetcotton.pt\\\/contacto\\\/\",\"url\":\"https:\\\/\\\/sweetcotton.pt\\\/contacto\\\/\",\"name\":\"Contacto - SweetCotton\",\"isPartOf\":{\"@id\":\"https:\\\/\\\/sweetcotton.pt\\\/#website\"},\"primaryImageOfPage\":{\"@id\":\"https:\\\/\\\/sweetcotton.pt\\\/contacto\\\/#primaryimage\"},\"image\":{\"@id\":\"https:\\\/\\\/sweetcotton.pt\\\/contacto\\\/#primaryimage\"},\"thumbnailUrl\":\"https:\\\/\\\/sweetcotton.pt\\\/wp-content\\\/uploads\\\/2024\\\/12\\\/326_20070726183953.jpg\",\"datePublished\":\"2024-12-09T11:46:51+00:00\",\"dateModified\":\"2025-11-04T14:39:14+00:00\",\"description\":\"Estamos aqui para ajudar! Entre em contacto connosco para esclarecer d\u00favidas, solicitar informa\u00e7\u00f5es ou partilhar as suas necessidades...\",\"breadcrumb\":{\"@id\":\"https:\\\/\\\/sweetcotton.pt\\\/contacto\\\/#breadcrumb\"},\"inLanguage\":\"en-GB\",\"potentialAction\":[{\"@type\":\"ReadAction\",\"target\":[\"https:\\\/\\\/sweetcotton.pt\\\/contacto\\\/\"]}]},{\"@type\":\"ImageObject\",\"inLanguage\":\"en-GB\",\"@id\":\"https:\\\/\\\/sweetcotton.pt\\\/contacto\\\/#primaryimage\",\"url\":\"https:\\\/\\\/sweetcotton.pt\\\/wp-content\\\/uploads\\\/2024\\\/12\\\/326_20070726183953.jpg\",\"contentUrl\":\"https:\\\/\\\/sweetcotton.pt\\\/wp-content\\\/uploads\\\/2024\\\/12\\\/326_20070726183953.jpg\",\"width\":300,\"height\":330},{\"@type\":\"BreadcrumbList\",\"@id\":\"https:\\\/\\\/sweetcotton.pt\\\/contacto\\\/#breadcrumb\",\"itemListElement\":[{\"@type\":\"ListItem\",\"position\":1,\"name\":\"Home\",\"item\":\"https:\\\/\\\/sweetcotton.pt\\\/\"},{\"@type\":\"ListItem\",\"position\":2,\"name\":\"Contacto\"}]},{\"@type\":\"WebSite\",\"@id\":\"https:\\\/\\\/sweetcotton.pt\\\/#website\",\"url\":\"https:\\\/\\\/sweetcotton.pt\\\/\",\"name\":\"SweetCotton\",\"description\":\"\",\"publisher\":{\"@id\":\"https:\\\/\\\/sweetcotton.pt\\\/#organization\"},\"potentialAction\":[{\"@type\":\"SearchAction\",\"target\":{\"@type\":\"EntryPoint\",\"urlTemplate\":\"https:\\\/\\\/sweetcotton.pt\\\/?s={search_term_string}\"},\"query-input\":{\"@type\":\"PropertyValueSpecification\",\"valueRequired\":true,\"valueName\":\"search_term_string\"}}],\"inLanguage\":\"en-GB\"},{\"@type\":\"Organization\",\"@id\":\"https:\\\/\\\/sweetcotton.pt\\\/#organization\",\"name\":\"SweetCotton\",\"url\":\"https:\\\/\\\/sweetcotton.pt\\\/\",\"logo\":{\"@type\":\"ImageObject\",\"inLanguage\":\"en-GB\",\"@id\":\"https:\\\/\\\/sweetcotton.pt\\\/#\\\/schema\\\/logo\\\/image\\\/\",\"url\":\"https:\\\/\\\/sweetcotton.pt\\\/wp-content\\\/uploads\\\/2024\\\/12\\\/cropped-sweet-cotton-logosite.png\",\"contentUrl\":\"https:\\\/\\\/sweetcotton.pt\\\/wp-content\\\/uploads\\\/2024\\\/12\\\/cropped-sweet-cotton-logosite.png\",\"width\":358,\"height\":83,\"caption\":\"SweetCotton\"},\"image\":{\"@id\":\"https:\\\/\\\/sweetcotton.pt\\\/#\\\/schema\\\/logo\\\/image\\\/\"}}]}<\/script>\n<!-- \/ Yoast SEO plugin. -->","yoast_head_json":{"title":"Contacto - SweetCotton","description":"Estamos aqui para ajudar! Entre em contacto connosco para esclarecer d\u00favidas, solicitar informa\u00e7\u00f5es ou partilhar as suas necessidades...","robots":{"index":"index","follow":"follow","max-snippet":"max-snippet:-1","max-image-preview":"max-image-preview:large","max-video-preview":"max-video-preview:-1"},"canonical":"https:\/\/sweetcotton.pt\/en\/contacto\/","og_locale":"en_GB","og_type":"article","og_title":"Contacto - SweetCotton","og_description":"Estamos aqui para ajudar! Entre em contacto connosco para esclarecer d\u00favidas, solicitar informa\u00e7\u00f5es ou partilhar as suas necessidades...","og_url":"https:\/\/sweetcotton.pt\/en\/contacto\/","og_site_name":"SweetCotton","article_modified_time":"2025-11-04T14:39:14+00:00","og_image":[{"width":300,"height":330,"url":"https:\/\/sweetcotton.pt\/wp-content\/uploads\/2024\/12\/326_20070726183953.jpg","type":"image\/jpeg"}],"twitter_card":"summary_large_image","twitter_misc":{"Estimated reading time":"1 minute"},"schema":{"@context":"https:\/\/schema.org","@graph":[{"@type":"WebPage","@id":"https:\/\/sweetcotton.pt\/contacto\/","url":"https:\/\/sweetcotton.pt\/contacto\/","name":"Contacto - SweetCotton","isPartOf":{"@id":"https:\/\/sweetcotton.pt\/#website"},"primaryImageOfPage":{"@id":"https:\/\/sweetcotton.pt\/contacto\/#primaryimage"},"image":{"@id":"https:\/\/sweetcotton.pt\/contacto\/#primaryimage"},"thumbnailUrl":"https:\/\/sweetcotton.pt\/wp-content\/uploads\/2024\/12\/326_20070726183953.jpg","datePublished":"2024-12-09T11:46:51+00:00","dateModified":"2025-11-04T14:39:14+00:00","description":"Estamos aqui para ajudar! Entre em contacto connosco para esclarecer d\u00favidas, solicitar informa\u00e7\u00f5es ou partilhar as suas necessidades...","breadcrumb":{"@id":"https:\/\/sweetcotton.pt\/contacto\/#breadcrumb"},"inLanguage":"en-GB","potentialAction":[{"@type":"ReadAction","target":["https:\/\/sweetcotton.pt\/contacto\/"]}]},{"@type":"ImageObject","inLanguage":"en-GB","@id":"https:\/\/sweetcotton.pt\/contacto\/#primaryimage","url":"https:\/\/sweetcotton.pt\/wp-content\/uploads\/2024\/12\/326_20070726183953.jpg","contentUrl":"https:\/\/sweetcotton.pt\/wp-content\/uploads\/2024\/12\/326_20070726183953.jpg","width":300,"height":330},{"@type":"BreadcrumbList","@id":"https:\/\/sweetcotton.pt\/contacto\/#breadcrumb","itemListElement":[{"@type":"ListItem","position":1,"name":"Home","item":"https:\/\/sweetcotton.pt\/"},{"@type":"ListItem","position":2,"name":"Contacto"}]},{"@type":"WebSite","@id":"https:\/\/sweetcotton.pt\/#website","url":"https:\/\/sweetcotton.pt\/","name":"SweetCotton","description":"","publisher":{"@id":"https:\/\/sweetcotton.pt\/#organization"},"potentialAction":[{"@type":"SearchAction","target":{"@type":"EntryPoint","urlTemplate":"https:\/\/sweetcotton.pt\/?s={search_term_string}"},"query-input":{"@type":"PropertyValueSpecification","valueRequired":true,"valueName":"search_term_string"}}],"inLanguage":"en-GB"},{"@type":"Organization","@id":"https:\/\/sweetcotton.pt\/#organization","name":"SweetCotton","url":"https:\/\/sweetcotton.pt\/","logo":{"@type":"ImageObject","inLanguage":"en-GB","@id":"https:\/\/sweetcotton.pt\/#\/schema\/logo\/image\/","url":"https:\/\/sweetcotton.pt\/wp-content\/uploads\/2024\/12\/cropped-sweet-cotton-logosite.png","contentUrl":"https:\/\/sweetcotton.pt\/wp-content\/uploads\/2024\/12\/cropped-sweet-cotton-logosite.png","width":358,"height":83,"caption":"SweetCotton"},"image":{"@id":"https:\/\/sweetcotton.pt\/#\/schema\/logo\/image\/"}}]}},"_links":{"self":[{"href":"https:\/\/sweetcotton.pt\/en\/wp-json\/wp\/v2\/pages\/54","targetHints":{"allow":["GET"]}}],"collection":[{"href":"https:\/\/sweetcotton.pt\/en\/wp-json\/wp\/v2\/pages"}],"about":[{"href":"https:\/\/sweetcotton.pt\/en\/wp-json\/wp\/v2\/types\/page"}],"author":[{"embeddable":true,"href":"https:\/\/sweetcotton.pt\/en\/wp-json\/wp\/v2\/users\/1"}],"replies":[{"embeddable":true,"href":"https:\/\/sweetcotton.pt\/en\/wp-json\/wp\/v2\/comments?post=54"}],"version-history":[{"count":8,"href":"https:\/\/sweetcotton.pt\/en\/wp-json\/wp\/v2\/pages\/54\/revisions"}],"predecessor-version":[{"id":830,"href":"https:\/\/sweetcotton.pt\/en\/wp-json\/wp\/v2\/pages\/54\/revisions\/830"}],"wp:featuredmedia":[{"embeddable":true,"href":"https:\/\/sweetcotton.pt\/en\/wp-json\/wp\/v2\/media\/272"}],"wp:attachment":[{"href":"https:\/\/sweetcotton.pt\/en\/wp-json\/wp\/v2\/media?parent=54"}],"curies":[{"name":"wp","href":"https:\/\/api.w.org\/{rel}","templated":true}]}}